{"id":13552,"date":"2021-01-19T21:37:14","date_gmt":"2021-01-19T20:37:14","guid":{"rendered":"https:\/\/konsento.ch\/neu2\/?page_id=13552"},"modified":"2022-07-20T21:10:09","modified_gmt":"2022-07-20T19:10:09","slug":"kontakt","status":"publish","type":"page","link":"https:\/\/oldweb.konsento.ch\/fr\/kontakt\/","title":{"rendered":"Contact"},"content":{"rendered":"<div data-elementor-type=\"wp-page\" data-elementor-id=\"13552\" class=\"elementor elementor-13552\" data-elementor-post-type=\"page\">\n\t\t\t\t\t\t<section class=\"mkdf-parallax-row-holder elementor-section elementor-top-section elementor-element elementor-element-1aa7b8b elementor-section-full_width elementor-section-content-middle mkdf-parallax-row-holder elementor-section-height-default elementor-section-height-default mkdf-row-grid-no mkdf-disabled-bg-image-bellow-no\" data-parallax-bg-speed=\"1\" data-parallax-bg-image=\"https:\/\/konsento.ch\/neu2\/wp-content\/uploads\/2018\/06\/p8-title-img1.png\" data-id=\"1aa7b8b\" data-element_type=\"section\" data-settings=\"{&quot;background_background&quot;:&quot;classic&quot;,&quot;mikado_parallax_image&quot;:{&quot;url&quot;:&quot;https:\\\/\\\/konsento.ch\\\/neu2\\\/wp-content\\\/uploads\\\/2018\\\/06\\\/p8-title-img1.png&quot;,&quot;id&quot;:4560,&quot;size&quot;:&quot;&quot;}}\">\n\t\t\t\t\t\t<div class=\"elementor-container elementor-column-gap-default\">\n\t\t\t\t\t<div class=\"elementor-column elementor-col-50 elementor-top-column elementor-element elementor-element-b52f82c\" data-id=\"b52f82c\" data-element_type=\"column\" data-settings=\"{&quot;background_background&quot;:&quot;classic&quot;}\">\n\t\t\t<div class=\"elementor-widget-wrap elementor-element-populated\">\n\t\t\t\t\t\t<div class=\"elementor-element elementor-element-73eee09 elementor-widget__width-initial elementor-widget elementor-widget-mkdf_elementor_section_title\" data-id=\"73eee09\" data-element_type=\"widget\" data-widget_type=\"mkdf_elementor_section_title.default\">\n\t\t\t\t<div class=\"elementor-widget-container\">\n\t\t\t<div class=\"mkdf-section-title-holder  mkdf-st-standard mkdf-st-title-left mkdf-st-normal-space\" >\n\t<div class=\"mkdf-st-inner\">\n\t\t\t\t\t<h2 class=\"mkdf-st-title\" >\n\t\t\t\tContact\t\t\t<\/h2>\n\t\t\t\t\t\t\t<p class=\"mkdf-st-text\" style=\"font-size: 20px;line-height: 33px\">\n\t\t\t\tNous nous ferons un plaisir de vous aider.\t\t\t<\/p>\n\t\t\t<\/div>\n<\/div>\t\t<\/div>\n\t\t\t\t<\/div>\n\t\t\t\t\t<\/div>\n\t\t<\/div>\n\t\t\t\t<div class=\"elementor-column elementor-col-50 elementor-top-column elementor-element elementor-element-81ab1c5\" data-id=\"81ab1c5\" data-element_type=\"column\">\n\t\t\t<div class=\"elementor-widget-wrap elementor-element-populated\">\n\t\t\t\t\t\t<div class=\"elementor-element elementor-element-e8a2e46 elementor-invisible elementor-widget elementor-widget-mkdf_elementor_single_image\" data-id=\"e8a2e46\" data-element_type=\"widget\" data-settings=\"{&quot;_animation&quot;:&quot;slideInRight&quot;}\" data-widget_type=\"mkdf_elementor_single_image.default\">\n\t\t\t\t<div class=\"elementor-widget-container\">\n\t\t\t<div class=\"mkdf-single-image-holder\">\n    <div class=\"mkdf-si-inner\" >\n                                    <img fetchpriority=\"high\" decoding=\"async\" src=\"https:\/\/oldweb.konsento.ch\/wp-content\/uploads\/2018\/06\/p8-title-img2-2-400x400.png\" alt=\"u\" width=\"400\" height=\"400\" \/>                        <\/div>\n<\/div>\t\t<\/div>\n\t\t\t\t<\/div>\n\t\t\t\t\t<\/div>\n\t\t<\/div>\n\t\t\t\t\t<\/div>\n\t\t<\/section>\n\t\t\t\t<section class=\"elementor-section elementor-top-section elementor-element elementor-element-fdfff2e elementor-section-full_width elementor-section-content-middle mkdf-row-grid-section elementor-section-height-default elementor-section-height-default mkdf-parallax-row-no mkdf-disabled-bg-image-bellow-no\" data-id=\"fdfff2e\" data-element_type=\"section\">\n\t\t\t\t\t\t<div class=\"elementor-container elementor-column-gap-default\">\n\t\t\t\t\t<div class=\"elementor-column elementor-col-100 elementor-top-column elementor-element elementor-element-4abf0cc\" data-id=\"4abf0cc\" data-element_type=\"column\">\n\t\t\t<div class=\"elementor-widget-wrap elementor-element-populated\">\n\t\t\t\t\t\t<div class=\"elementor-element elementor-element-48c0c34 elementor-widget elementor-widget-wpforms\" data-id=\"48c0c34\" data-element_type=\"widget\" data-widget_type=\"wpforms.default\">\n\t\t\t\t<div class=\"elementor-widget-container\">\n\t\t\t<div class=\"wpforms-container wpforms-container-full\" id=\"wpforms-13973\"><form id=\"wpforms-form-13973\" class=\"wpforms-validate wpforms-form wpforms-ajax-form\" data-formid=\"13973\" method=\"post\" enctype=\"multipart\/form-data\" action=\"\/fr\/wp-json\/wp\/v2\/pages\/13552\" data-token=\"c9f0c8ec889a18b01b324a26e04bb561\" data-token-time=\"1776606374\" data-trp-original-action=\"\/fr\/wp-json\/wp\/v2\/pages\/13552\"><noscript class=\"wpforms-error-noscript\">Veuillez activer JavaScript dans votre navigateur pour remplir ce formulaire.<\/noscript><div class=\"wpforms-field-container\"><div id=\"wpforms-13973-field_0-container\" class=\"wpforms-field wpforms-field-name\" data-field-id=\"0\"><label class=\"wpforms-field-label\" for=\"wpforms-13973-field_0\">Nom <span class=\"wpforms-required-label\">*<\/span><\/label><div class=\"wpforms-field-row wpforms-field-medium\"><div class=\"wpforms-field-row-block wpforms-first wpforms-one-half\"><input type=\"text\" id=\"wpforms-13973-field_0\" class=\"wpforms-field-name-first wpforms-field-required\" name=\"wpforms[fields][0][first]\" required><label for=\"wpforms-13973-field_0\" class=\"wpforms-field-sublabel after\">Pr\u00e9nom<\/label><\/div><div class=\"wpforms-field-row-block wpforms-one-half\"><input type=\"text\" id=\"wpforms-13973-field_0-last\" class=\"wpforms-field-name-last wpforms-field-required\" name=\"wpforms[fields][0][last]\" required><label for=\"wpforms-13973-field_0-last\" class=\"wpforms-field-sublabel after\">Nom<\/label><\/div><\/div><\/div><div id=\"wpforms-13973-field_1-container\" class=\"wpforms-field wpforms-field-email\" data-field-id=\"1\"><label class=\"wpforms-field-label\" for=\"wpforms-13973-field_1\">Courrier \u00e9lectronique <span class=\"wpforms-required-label\">*<\/span><\/label><input type=\"email\" id=\"wpforms-13973-field_1\" class=\"wpforms-field-medium wpforms-field-required\" name=\"wpforms[fields][1]\" spellcheck=\"false\" required><\/div><div id=\"wpforms-13973-field_3-container\" class=\"wpforms-field wpforms-field-phone\" data-field-id=\"3\"><label class=\"wpforms-field-label\" for=\"wpforms-13973-field_3\">T\u00e9l\u00e9phone<\/label><input type=\"tel\" id=\"wpforms-13973-field_3\" class=\"wpforms-field-medium\" data-rule-int-phone-field=\"true\" name=\"wpforms[fields][3]\" value=\"+41\" aria-label=\"T\u00e9l\u00e9phone\" ><\/div><div id=\"wpforms-13973-field_6-container\" class=\"wpforms-field wpforms-field-select wpforms-field-select-style-classic\" data-field-id=\"6\"><label class=\"wpforms-field-label\" for=\"wpforms-13973-field_6\">Objet du message <span class=\"wpforms-required-label\">*<\/span><\/label><select id=\"wpforms-13973-field_6\" class=\"wpforms-field-medium wpforms-field-required\" name=\"wpforms[fields][6]\" required=\"required\"><option value=\"\" class=\"placeholder\" disabled selected='selected'>Veuillez s\u00e9lectionner<\/option><option value=\"Demo vereinbaren\" >Organiser une d\u00e9mo<\/option><option value=\"Frage zum Produkt \/ Konsento\" >Question sur le produit \/ Consento<\/option><option value=\"Kapitalerh\u00f6hung\" >Augmentation de capital<\/option><option value=\"Online \u00f6ffentliche Beurkundung\" >Acte authentique en ligne<\/option><option value=\"Co-Investments \/ Cap-Table konsolidieren\" >Consolider les co-investissements \/ cap-table<\/option><option value=\"Support Anfrage\" >Demande d'assistance<\/option><option value=\"Anderes Anliegen\" >Autre demande<\/option><\/select><\/div><div id=\"wpforms-13973-field_2-container\" class=\"wpforms-field wpforms-field-textarea\" data-field-id=\"2\"><label class=\"wpforms-field-label\" for=\"wpforms-13973-field_2\">Commentaire\/message <span class=\"wpforms-required-label\">*<\/span><\/label><textarea id=\"wpforms-13973-field_2\" class=\"wpforms-field-small wpforms-field-required\" name=\"wpforms[fields][2]\" required><\/textarea><\/div><div id=\"wpforms-13973-field_5-container\" class=\"wpforms-field wpforms-field-gdpr-checkbox\" data-field-id=\"5\"><label class=\"wpforms-field-label\">Utilisation des donn\u00e9es \u00e0 caract\u00e8re personnel <span class=\"wpforms-required-label\">*<\/span><\/label><ul id=\"wpforms-13973-field_5\" class=\"wpforms-field-required\"><li class=\"choice-1\"><input type=\"checkbox\" id=\"wpforms-13973-field_5_1\" name=\"wpforms[fields][5][]\" value=\"Ich bin damit einverstanden, dass diese Website meine eingegebenen Daten speichert, um meine Anfrage zu beantworten.\" required><label class=\"wpforms-field-label-inline\" for=\"wpforms-13973-field_5_1\">J'accepte que ce site enregistre les donn\u00e9es que j'ai saisies afin de r\u00e9pondre \u00e0 ma demande.<\/label><\/li><\/ul><\/div><div id=\"wpforms-13973-field_7-container\" class=\"wpforms-field wpforms-field-captcha\" data-field-id=\"7\"><label class=\"wpforms-field-label\" for=\"wpforms-13973-field_7\">Pour v\u00e9rifier les spams, r\u00e9sous le probl\u00e8me suivant <span class=\"wpforms-required-label\">*<\/span><\/label>\t\t\t<div class=\"wpforms-captcha-math\">\n\t\t\t\t<span id=\"wpforms-13973-field_7-question\" class=\"wpforms-captcha-equation\">\n\t\t\t\t\t<span class=\"n1\">3<\/span>\n\t\t\t\t\t\t\t<span class=\"cal\">+<\/span>\n\t\t\t\t\t\t\t<span class=\"n2\">15<\/span>\t\t\t\t\t<span class=\"e\">=<\/span>\n\t\t\t\t<\/span>\n\t\t\t\t<input type=\"text\" id=\"wpforms-13973-field_7\" class=\"wpforms-field-medium wpforms-field-required a\" data-rule-wpf-captcha=\"math\" data-is-wrapped-field=\"1\" name=\"wpforms[fields][7][a]\" aria-describedby=\"wpforms-13973-field_7-question\" required>\t\t\t\t<input type=\"hidden\" name=\"wpforms[fields][7][cal]\" class=\"cal\">\n\t\t\t\t<input type=\"hidden\" name=\"wpforms[fields][7][n2]\" class=\"n2\">\n\t\t\t\t<input type=\"hidden\" name=\"wpforms[fields][7][n1]\" class=\"n1\">\n\t\t\t<\/div>\n\t\t\t<\/div><\/div><!-- .wpforms-field-container --><div class=\"wpforms-submit-container\" ><input type=\"hidden\" name=\"wpforms[id]\" value=\"13973\"><input type=\"hidden\" name=\"page_title\" value=\"\"><input type=\"hidden\" name=\"page_url\" value=\"https:\/\/oldweb.konsento.ch\/fr\/wp-json\/wp\/v2\/pages\/13552\"><button type=\"submit\" name=\"wpforms[submit]\" id=\"wpforms-submit-13973\" class=\"wpforms-submit\" data-alt-text=\"Sendet...\" data-submit-text=\"Senden\" aria-live=\"assertive\" value=\"wpforms-submit\">Envoyer<\/button><img decoding=\"async\" src=\"https:\/\/oldweb.konsento.ch\/wp-content\/plugins\/wpforms\/assets\/images\/submit-spin.svg\" class=\"wpforms-submit-spinner\" style=\"display: none;\" width=\"26\" height=\"26\" alt=\"Chargement en cours\"><\/div><input type=\"hidden\" name=\"trp-form-language\" value=\"fr\"\/><\/form><\/div>  <!-- .wpforms-container -->\t\t<\/div>\n\t\t\t\t<\/div>\n\t\t\t\t<div class=\"elementor-element elementor-element-4cc0303 elementor-widget elementor-widget-mkdf_elementor_google_map\" data-id=\"4cc0303\" data-element_type=\"widget\" data-widget_type=\"mkdf_elementor_google_map.default\">\n\t\t\t\t<div class=\"elementor-widget-container\">\n\t\t\t<div class=\"mkdf-google-map-holder\">\n\t<div class=\"mkdf-google-map\" id=\"mkdf-map-874538\" data-addresses='[\"228 Park Ave, New York\"]' data-custom-map-style=\"no\" data-color-overlay= \"data-saturation=0\" data-lightness=\"0\" data-zoom=\"12\" data-pin=\"https:\/\/oldweb.konsento.ch\/wp-content\/uploads\/2018\/07\/pin.png\" data-unique-id=\"874538\" data-scroll-wheel=\"no\" data-height=\"550\" ><\/div>\n\t\t\t\t<div class=\"mkdf-google-map-overlay\"><\/div>\n\t<\/div>\n\t\t<\/div>\n\t\t\t\t<\/div>\n\t\t\t\t\t<\/div>\n\t\t<\/div>\n\t\t\t\t\t<\/div>\n\t\t<\/section>\n\t\t\t\t<section class=\"elementor-section elementor-top-section elementor-element elementor-element-56d4600 elementor-section-full_width mkdf-disabled-bg-image-bellow-1024 elementor-section-height-default elementor-section-height-default mkdf-parallax-row-no mkdf-row-grid-no\" data-id=\"56d4600\" data-element_type=\"section\" data-settings=\"{&quot;background_background&quot;:&quot;classic&quot;}\">\n\t\t\t\t\t\t<div class=\"elementor-container elementor-column-gap-default\">\n\t\t\t\t\t<div class=\"elementor-column elementor-col-100 elementor-top-column elementor-element elementor-element-eb99cab\" data-id=\"eb99cab\" data-element_type=\"column\">\n\t\t\t<div class=\"elementor-widget-wrap elementor-element-populated\">\n\t\t\t\t\t\t<div class=\"elementor-element elementor-element-1856129 elementor-align-center elementor-widget elementor-widget-button\" data-id=\"1856129\" data-element_type=\"widget\" data-widget_type=\"button.default\">\n\t\t\t\t<div class=\"elementor-widget-container\">\n\t\t\t\t\t<div class=\"elementor-button-wrapper\">\n\t\t\t<a class=\"elementor-button elementor-button-link elementor-size-lg elementor-animation-grow\" href=\"https:\/\/calendly.com\/d\/dm6-hrr-6v8\/konsento-demo-mit-den-grundern\">\n\t\t\t\t\t\t<span class=\"elementor-button-content-wrapper\">\n\t\t\t\t\t\t\t\t\t<span class=\"elementor-button-text\">Fixer maintenant un rendez-vous pour une d\u00e9mo<\/span>\n\t\t\t\t\t<\/span>\n\t\t\t\t\t<\/a>\n\t\t<\/div>\n\t\t\t\t<\/div>\n\t\t\t\t<\/div>\n\t\t\t\t\t<\/div>\n\t\t<\/div>\n\t\t\t\t\t<\/div>\n\t\t<\/section>\n\t\t\t\t<\/div>","protected":false},"excerpt":{"rendered":"<p>Contact Nous sommes \u00e0 votre disposition. Fixer maintenant un rendez-vous pour une d\u00e9monstration<\/p>","protected":false},"author":2,"featured_media":0,"parent":0,"menu_order":0,"comment_status":"closed","ping_status":"closed","template":"full-width.php","meta":{"footnotes":""},"class_list":["post-13552","page","type-page","status-publish","hentry"],"yoast_head":"<!-- This site is optimized with the Yoast SEO Premium plugin v18.3 (Yoast SEO v23.5) - https:\/\/yoast.com\/wordpress\/plugins\/seo\/ -->\n<title>Kontakt - Konsento - Einfache Online Verwaltung von Aktienkapital<\/title>\n<meta name=\"robots\" content=\"noindex, follow, max-snippet:-1, max-image-preview:large, max-video-preview:-1\" \/>\n<meta property=\"og:locale\" content=\"fr_FR\" \/>\n<meta property=\"og:type\" content=\"article\" \/>\n<meta property=\"og:title\" content=\"Kontakt\" \/>\n<meta property=\"og:description\" content=\"Kontakt Gerne helfen wir weiter. Jetzt Demo-Termin vereinbaren\" \/>\n<meta property=\"og:url\" content=\"https:\/\/oldweb.konsento.ch\/fr\/kontakt\/\" \/>\n<meta property=\"og:site_name\" content=\"Konsento - Einfache Online Verwaltung von Aktienkapital\" \/>\n<meta property=\"article:modified_time\" content=\"2022-07-20T19:10:09+00:00\" \/>\n<meta property=\"og:image\" content=\"https:\/\/konsento.ch\/wp-content\/uploads\/2018\/06\/p8-title-img2-2-400x400.png\" \/>\n<meta name=\"twitter:card\" content=\"summary_large_image\" \/>\n<meta name=\"twitter:site\" content=\"@KonsentoD\" \/>\n<meta name=\"twitter:label1\" content=\"Dur\u00e9e de lecture estim\u00e9e\" \/>\n\t<meta name=\"twitter:data1\" content=\"2 minutes\" \/>\n<script type=\"application\/ld+json\" class=\"yoast-schema-graph\">{\"@context\":\"https:\/\/schema.org\",\"@graph\":[{\"@type\":\"WebPage\",\"@id\":\"https:\/\/oldweb.konsento.ch\/kontakt\/\",\"url\":\"https:\/\/oldweb.konsento.ch\/kontakt\/\",\"name\":\"Kontakt - Konsento - Einfache Online Verwaltung von Aktienkapital\",\"isPartOf\":{\"@id\":\"https:\/\/oldweb.konsento.ch\/#website\"},\"primaryImageOfPage\":{\"@id\":\"https:\/\/oldweb.konsento.ch\/kontakt\/#primaryimage\"},\"image\":{\"@id\":\"https:\/\/oldweb.konsento.ch\/kontakt\/#primaryimage\"},\"thumbnailUrl\":\"https:\/\/konsento.ch\/wp-content\/uploads\/2018\/06\/p8-title-img2-2-400x400.png\",\"datePublished\":\"2021-01-19T20:37:14+00:00\",\"dateModified\":\"2022-07-20T19:10:09+00:00\",\"breadcrumb\":{\"@id\":\"https:\/\/oldweb.konsento.ch\/kontakt\/#breadcrumb\"},\"inLanguage\":\"fr-FR\",\"potentialAction\":[{\"@type\":\"ReadAction\",\"target\":[\"https:\/\/oldweb.konsento.ch\/kontakt\/\"]}]},{\"@type\":\"ImageObject\",\"inLanguage\":\"fr-FR\",\"@id\":\"https:\/\/oldweb.konsento.ch\/kontakt\/#primaryimage\",\"url\":\"https:\/\/konsento.ch\/wp-content\/uploads\/2018\/06\/p8-title-img2-2-400x400.png\",\"contentUrl\":\"https:\/\/konsento.ch\/wp-content\/uploads\/2018\/06\/p8-title-img2-2-400x400.png\"},{\"@type\":\"BreadcrumbList\",\"@id\":\"https:\/\/oldweb.konsento.ch\/kontakt\/#breadcrumb\",\"itemListElement\":[{\"@type\":\"ListItem\",\"position\":1,\"name\":\"Home\",\"item\":\"https:\/\/oldweb.konsento.ch\/\"},{\"@type\":\"ListItem\",\"position\":2,\"name\":\"Kontakt\"}]},{\"@type\":\"WebSite\",\"@id\":\"https:\/\/oldweb.konsento.ch\/#website\",\"url\":\"https:\/\/oldweb.konsento.ch\/\",\"name\":\"Konsento - Einfache Online Verwaltung von Aktienkapital\",\"description\":\"Einfache Verwaltung von Kapital, Aktion\u00e4ren und Generalversammlungen\",\"publisher\":{\"@id\":\"https:\/\/oldweb.konsento.ch\/#organization\"},\"potentialAction\":[{\"@type\":\"SearchAction\",\"target\":{\"@type\":\"EntryPoint\",\"urlTemplate\":\"https:\/\/oldweb.konsento.ch\/?s={search_term_string}\"},\"query-input\":{\"@type\":\"PropertyValueSpecification\",\"valueRequired\":true,\"valueName\":\"search_term_string\"}}],\"inLanguage\":\"fr-FR\"},{\"@type\":\"Organization\",\"@id\":\"https:\/\/oldweb.konsento.ch\/#organization\",\"name\":\"Konsento AG\",\"url\":\"https:\/\/oldweb.konsento.ch\/\",\"logo\":{\"@type\":\"ImageObject\",\"inLanguage\":\"fr-FR\",\"@id\":\"https:\/\/oldweb.konsento.ch\/#\/schema\/logo\/image\/\",\"url\":\"https:\/\/konsento.ch\/wp-content\/uploads\/2021\/03\/konsento_icon.png\",\"contentUrl\":\"https:\/\/konsento.ch\/wp-content\/uploads\/2021\/03\/konsento_icon.png\",\"width\":512,\"height\":512,\"caption\":\"Konsento AG\"},\"image\":{\"@id\":\"https:\/\/oldweb.konsento.ch\/#\/schema\/logo\/image\/\"},\"sameAs\":[\"https:\/\/x.com\/KonsentoD\",\"https:\/\/www.linkedin.com\/company\/konsento-digital\/\"]}]}<\/script>\n<!-- \/ Yoast SEO Premium plugin. -->","yoast_head_json":{"title":"Kontakt - Konsento - Einfache Online Verwaltung von Aktienkapital","robots":{"index":"noindex","follow":"follow","max-snippet":"max-snippet:-1","max-image-preview":"max-image-preview:large","max-video-preview":"max-video-preview:-1"},"og_locale":"fr_FR","og_type":"article","og_title":"Kontakt","og_description":"Kontakt Gerne helfen wir weiter. Jetzt Demo-Termin vereinbaren","og_url":"https:\/\/oldweb.konsento.ch\/fr\/kontakt\/","og_site_name":"Konsento - Einfache Online Verwaltung von Aktienkapital","article_modified_time":"2022-07-20T19:10:09+00:00","og_image":[{"url":"https:\/\/konsento.ch\/wp-content\/uploads\/2018\/06\/p8-title-img2-2-400x400.png"}],"twitter_card":"summary_large_image","twitter_site":"@KonsentoD","twitter_misc":{"Dur\u00e9e de lecture estim\u00e9e":"2 minutes"},"schema":{"@context":"https:\/\/schema.org","@graph":[{"@type":"WebPage","@id":"https:\/\/oldweb.konsento.ch\/kontakt\/","url":"https:\/\/oldweb.konsento.ch\/kontakt\/","name":"Kontakt - Konsento - Einfache Online Verwaltung von Aktienkapital","isPartOf":{"@id":"https:\/\/oldweb.konsento.ch\/#website"},"primaryImageOfPage":{"@id":"https:\/\/oldweb.konsento.ch\/kontakt\/#primaryimage"},"image":{"@id":"https:\/\/oldweb.konsento.ch\/kontakt\/#primaryimage"},"thumbnailUrl":"https:\/\/konsento.ch\/wp-content\/uploads\/2018\/06\/p8-title-img2-2-400x400.png","datePublished":"2021-01-19T20:37:14+00:00","dateModified":"2022-07-20T19:10:09+00:00","breadcrumb":{"@id":"https:\/\/oldweb.konsento.ch\/kontakt\/#breadcrumb"},"inLanguage":"fr-FR","potentialAction":[{"@type":"ReadAction","target":["https:\/\/oldweb.konsento.ch\/kontakt\/"]}]},{"@type":"ImageObject","inLanguage":"fr-FR","@id":"https:\/\/oldweb.konsento.ch\/kontakt\/#primaryimage","url":"https:\/\/konsento.ch\/wp-content\/uploads\/2018\/06\/p8-title-img2-2-400x400.png","contentUrl":"https:\/\/konsento.ch\/wp-content\/uploads\/2018\/06\/p8-title-img2-2-400x400.png"},{"@type":"BreadcrumbList","@id":"https:\/\/oldweb.konsento.ch\/kontakt\/#breadcrumb","itemListElement":[{"@type":"ListItem","position":1,"name":"Home","item":"https:\/\/oldweb.konsento.ch\/"},{"@type":"ListItem","position":2,"name":"Kontakt"}]},{"@type":"WebSite","@id":"https:\/\/oldweb.konsento.ch\/#website","url":"https:\/\/oldweb.konsento.ch\/","name":"Konsento - Einfache Online Verwaltung von Aktienkapital","description":"Einfache Verwaltung von Kapital, Aktion\u00e4ren und Generalversammlungen","publisher":{"@id":"https:\/\/oldweb.konsento.ch\/#organization"},"potentialAction":[{"@type":"SearchAction","target":{"@type":"EntryPoint","urlTemplate":"https:\/\/oldweb.konsento.ch\/?s={search_term_string}"},"query-input":{"@type":"PropertyValueSpecification","valueRequired":true,"valueName":"search_term_string"}}],"inLanguage":"fr-FR"},{"@type":"Organization","@id":"https:\/\/oldweb.konsento.ch\/#organization","name":"Konsento AG","url":"https:\/\/oldweb.konsento.ch\/","logo":{"@type":"ImageObject","inLanguage":"fr-FR","@id":"https:\/\/oldweb.konsento.ch\/#\/schema\/logo\/image\/","url":"https:\/\/konsento.ch\/wp-content\/uploads\/2021\/03\/konsento_icon.png","contentUrl":"https:\/\/konsento.ch\/wp-content\/uploads\/2021\/03\/konsento_icon.png","width":512,"height":512,"caption":"Konsento AG"},"image":{"@id":"https:\/\/oldweb.konsento.ch\/#\/schema\/logo\/image\/"},"sameAs":["https:\/\/x.com\/KonsentoD","https:\/\/www.linkedin.com\/company\/konsento-digital\/"]}]}},"_links":{"self":[{"href":"https:\/\/oldweb.konsento.ch\/fr\/wp-json\/wp\/v2\/pages\/13552","targetHints":{"allow":["GET"]}}],"collection":[{"href":"https:\/\/oldweb.konsento.ch\/fr\/wp-json\/wp\/v2\/pages"}],"about":[{"href":"https:\/\/oldweb.konsento.ch\/fr\/wp-json\/wp\/v2\/types\/page"}],"author":[{"embeddable":true,"href":"https:\/\/oldweb.konsento.ch\/fr\/wp-json\/wp\/v2\/users\/2"}],"replies":[{"embeddable":true,"href":"https:\/\/oldweb.konsento.ch\/fr\/wp-json\/wp\/v2\/comments?post=13552"}],"version-history":[{"count":19,"href":"https:\/\/oldweb.konsento.ch\/fr\/wp-json\/wp\/v2\/pages\/13552\/revisions"}],"predecessor-version":[{"id":18230,"href":"https:\/\/oldweb.konsento.ch\/fr\/wp-json\/wp\/v2\/pages\/13552\/revisions\/18230"}],"wp:attachment":[{"href":"https:\/\/oldweb.konsento.ch\/fr\/wp-json\/wp\/v2\/media?parent=13552"}],"curies":[{"name":"wp","href":"https:\/\/api.w.org\/{rel}","templated":true}]}}