{"id":1446,"date":"2018-06-06T14:09:15","date_gmt":"2018-06-06T12:09:15","guid":{"rendered":"https:\/\/foton.qodeinteractive.com\/elementor\/?page_id=1446"},"modified":"2023-03-08T09:35:42","modified_gmt":"2023-03-08T08:35:42","slug":"faq","status":"publish","type":"page","link":"https:\/\/oldweb.konsento.ch\/en\/faq\/","title":{"rendered":"FAQ"},"content":{"rendered":"<div data-elementor-type=\"wp-page\" data-elementor-id=\"1446\" class=\"elementor elementor-1446\" data-elementor-post-type=\"page\">\n\t\t\t\t\t\t<section class=\"elementor-section elementor-top-section elementor-element elementor-element-5b8f361 elementor-section-full_width mkdf-row-grid-section elementor-section-height-default elementor-section-height-default mkdf-parallax-row-no mkdf-disabled-bg-image-bellow-no\" data-id=\"5b8f361\" data-element_type=\"section\">\n\t\t\t\t\t\t<div class=\"elementor-container elementor-column-gap-default\">\n\t\t\t\t\t<div class=\"elementor-column elementor-col-100 elementor-top-column elementor-element elementor-element-81cd87e\" data-id=\"81cd87e\" data-element_type=\"column\">\n\t\t\t<div class=\"elementor-widget-wrap elementor-element-populated\">\n\t\t\t\t\t\t<div class=\"elementor-element elementor-element-5650c00 elementor-widget elementor-widget-heading\" data-id=\"5650c00\" data-element_type=\"widget\" data-widget_type=\"heading.default\">\n\t\t\t\t<div class=\"elementor-widget-container\">\n\t\t\t<h3 class=\"elementor-heading-title elementor-size-default\">Frequently Asked Questions<\/h3>\t\t<\/div>\n\t\t\t\t<\/div>\n\t\t\t\t<div class=\"elementor-element elementor-element-b8a3ee6 elementor-widget elementor-widget-mkdf_elementor_accordion\" data-id=\"b8a3ee6\" data-element_type=\"widget\" data-widget_type=\"mkdf_elementor_accordion.default\">\n\t\t\t\t<div class=\"elementor-widget-container\">\n\t\t\t\t\t\n\t\t<div class=\"mkdf-accordion-holder mkdf-ac-default  mkdf-accordion mkdf-ac-boxed  clearfix\">\n\t\t\t<h4 class=\"mkdf-accordion-title\">\n\t<span class=\"mkdf-tab-title\">What is Konsento?<\/span>\n    <span class=\"mkdf-accordion-mark\">\n\t\t<span class=\"mkdf_icon_plus icon_plus\"><\/span>\n\t\t<span class=\"mkdf_icon_minus icon_minus-06\"><\/span>\n\t<\/span>\n<\/h4>\n<div class=\"mkdf-accordion-content\">\n\t<div class=\"mkdf-accordion-content-inner\">\n\t\t<p class=\"mkdf-tab-text\"><p>Konsento is a corporate governance platform that supports companies through digitization in corporate law tasks and thereby simplifies investor relations. Konsento's features support company founders and boards of directors with intuitive functions for online management of company shares, organization and execution of board meetings and general meetings, syndication of co-investments of small shareholders and management of corporate documents. In addition, Konsento operates an online marketplace for other equity management services.<\/p><\/p>\n\t<\/div>\n<\/div><h4 class=\"mkdf-accordion-title\">\n\t<span class=\"mkdf-tab-title\">Why Konsento?<\/span>\n    <span class=\"mkdf-accordion-mark\">\n\t\t<span class=\"mkdf_icon_plus icon_plus\"><\/span>\n\t\t<span class=\"mkdf_icon_minus icon_minus-06\"><\/span>\n\t<\/span>\n<\/h4>\n<div class=\"mkdf-accordion-content\">\n\t<div class=\"mkdf-accordion-content-inner\">\n\t\t<p class=\"mkdf-tab-text\"><p>Because Konsento simplifies the management of equity. Companies thus become more efficient, can save costs and time, and thus strengthen their relationships with existing and prospective investors.<\/p><\/p>\n\t<\/div>\n<\/div><h4 class=\"mkdf-accordion-title\">\n\t<span class=\"mkdf-tab-title\">Who is the team behind Konsento? <\/span>\n    <span class=\"mkdf-accordion-mark\">\n\t\t<span class=\"mkdf_icon_plus icon_plus\"><\/span>\n\t\t<span class=\"mkdf_icon_minus icon_minus-06\"><\/span>\n\t<\/span>\n<\/h4>\n<div class=\"mkdf-accordion-content\">\n\t<div class=\"mkdf-accordion-content-inner\">\n\t\t<p class=\"mkdf-tab-text\"><p>Behind Konsento is a highly motivated, qualified interdisciplinary team with specializations in regulation, law, banking, fintech and IT.<\/p><\/p>\n\t<\/div>\n<\/div><h4 class=\"mkdf-accordion-title\">\n\t<span class=\"mkdf-tab-title\">Does Konsento have an app?<\/span>\n    <span class=\"mkdf-accordion-mark\">\n\t\t<span class=\"mkdf_icon_plus icon_plus\"><\/span>\n\t\t<span class=\"mkdf_icon_minus icon_minus-06\"><\/span>\n\t<\/span>\n<\/h4>\n<div class=\"mkdf-accordion-content\">\n\t<div class=\"mkdf-accordion-content-inner\">\n\t\t<p class=\"mkdf-tab-text\"><p>Konsento is an online platform that can be used on all devices via browser. This means that users are not tied to an app, an operating system, or special hardware.<\/p><\/p>\n\t<\/div>\n<\/div><h4 class=\"mkdf-accordion-title\">\n\t<span class=\"mkdf-tab-title\">What does Konsento cost? Is there a subscription or one-time license cost?<\/span>\n    <span class=\"mkdf-accordion-mark\">\n\t\t<span class=\"mkdf_icon_plus icon_plus\"><\/span>\n\t\t<span class=\"mkdf_icon_minus icon_minus-06\"><\/span>\n\t<\/span>\n<\/h4>\n<div class=\"mkdf-accordion-content\">\n\t<div class=\"mkdf-accordion-content-inner\">\n\t\t<p class=\"mkdf-tab-text\"><p>Konsento follows a transparent pricing structure. The basic functionalities of Konsento are free of charge for companies with up to 5 investors. We only charge for explicitly and individually ordered additional services. You can find all information at <a href=\"https:\/\/konsento.ch\/preise\/\">https:\/\/konsento.ch\/preise<\/a>.<\/p><\/p>\n\t<\/div>\n<\/div><h4 class=\"mkdf-accordion-title\">\n\t<span class=\"mkdf-tab-title\">What happens to my shares if Konsento were to disappear again? <\/span>\n    <span class=\"mkdf-accordion-mark\">\n\t\t<span class=\"mkdf_icon_plus icon_plus\"><\/span>\n\t\t<span class=\"mkdf_icon_minus icon_minus-06\"><\/span>\n\t<\/span>\n<\/h4>\n<div class=\"mkdf-accordion-content\">\n\t<div class=\"mkdf-accordion-content-inner\">\n\t\t<p class=\"mkdf-tab-text\"><p>Of course, we do our utmost to ensure that this does not happen. However, the ownership relationships are merely mapped on the Konsento platform, but are in no way dependent on the development of Konsento. Even in the event of Konsento's bankruptcy, ownership will of course remain unchanged. And in the Konsento dashboard, the current share register can be exported as a PDF document at any time and all documents can be downloaded, so that backups can also be made effortlessly if necessary.<\/p><\/p>\n\t<\/div>\n<\/div><h4 class=\"mkdf-accordion-title\">\n\t<span class=\"mkdf-tab-title\">How secure is my data?<\/span>\n    <span class=\"mkdf-accordion-mark\">\n\t\t<span class=\"mkdf_icon_plus icon_plus\"><\/span>\n\t\t<span class=\"mkdf_icon_minus icon_minus-06\"><\/span>\n\t<\/span>\n<\/h4>\n<div class=\"mkdf-accordion-content\">\n\t<div class=\"mkdf-accordion-content-inner\">\n\t\t<p class=\"mkdf-tab-text\"><p>Konsento cares about data protection and data security, that's why we keep your data on Swiss servers according to the highest standards. Our providers are ISO 27001 certified and thus ensure the best quality. Konsento treats all data with the utmost care and does not pass on any data without receiving an explicit order from its customers. <a href=\"https:\/\/konsento.ch\/privacy\/\">You can read about our commitment to careful handling of personal data here<\/a>.<\/p><\/p>\n\t<\/div>\n<\/div><h4 class=\"mkdf-accordion-title\">\n\t<span class=\"mkdf-tab-title\">Can I register on the Konsento platform myself?<\/span>\n    <span class=\"mkdf-accordion-mark\">\n\t\t<span class=\"mkdf_icon_plus icon_plus\"><\/span>\n\t\t<span class=\"mkdf_icon_minus icon_minus-06\"><\/span>\n\t<\/span>\n<\/h4>\n<div class=\"mkdf-accordion-content\">\n\t<div class=\"mkdf-accordion-content-inner\">\n\t\t<p class=\"mkdf-tab-text\"><p>Yes, you can register yourself on the Konsento website: <a href=\"https:\/\/app.konsento.ch\/auth\/register\" target=\"_blank\" rel=\"noopener\">app.konsento.ch\/auth\/register<\/a><\/p><\/p>\n\t<\/div>\n<\/div><h4 class=\"mkdf-accordion-title\">\n\t<span class=\"mkdf-tab-title\">For which companies is Konsento suitable?<\/span>\n    <span class=\"mkdf-accordion-mark\">\n\t\t<span class=\"mkdf_icon_plus icon_plus\"><\/span>\n\t\t<span class=\"mkdf_icon_minus icon_minus-06\"><\/span>\n\t<\/span>\n<\/h4>\n<div class=\"mkdf-accordion-content\">\n\t<div class=\"mkdf-accordion-content-inner\">\n\t\t<p class=\"mkdf-tab-text\"><p>Konsento is a digital solution for managing the equity of public limited companies. The functions are tailored to non-listed public limited companies. Companies that have only one shareholder or only very few shareholders and intend to grow in the future and want to manage multiple shareholders can also benefit from this.<\/p><\/p>\n\t<\/div>\n<\/div><h4 class=\"mkdf-accordion-title\">\n\t<span class=\"mkdf-tab-title\">What is your unique selling proposition (USP)? <\/span>\n    <span class=\"mkdf-accordion-mark\">\n\t\t<span class=\"mkdf_icon_plus icon_plus\"><\/span>\n\t\t<span class=\"mkdf_icon_minus icon_minus-06\"><\/span>\n\t<\/span>\n<\/h4>\n<div class=\"mkdf-accordion-content\">\n\t<div class=\"mkdf-accordion-content-inner\">\n\t\t<p class=\"mkdf-tab-text\"><p>Konsento offers register management (share register, participants, etc., beneficial ownership), investor communication, general meetings and board meetings as well as corporate document management and deal room from a single source. Through the platform's internal marketplace, we also offer other services related to equity management, such as company valuation, consulting for the development of a financing strategy, the creation of employee stock ownership plans (ESOP, PSOP, etc.), company formation, tokenization of shares, etc. Konsento is thus a one-stop store for entrepreneurs, their boards of directors and investors.<\/p><\/p>\n\t<\/div>\n<\/div><h4 class=\"mkdf-accordion-title\">\n\t<span class=\"mkdf-tab-title\">Why is it advisable that we, as a small startup, already rely on Konsento?<\/span>\n    <span class=\"mkdf-accordion-mark\">\n\t\t<span class=\"mkdf_icon_plus icon_plus\"><\/span>\n\t\t<span class=\"mkdf_icon_minus icon_minus-06\"><\/span>\n\t<\/span>\n<\/h4>\n<div class=\"mkdf-accordion-content\">\n\t<div class=\"mkdf-accordion-content-inner\">\n\t\t<p class=\"mkdf-tab-text\"><p>Especially as a small startup, it is particularly important to save costs and time right from the start. In addition, the functions of our platform are designed in such a way that the requirements of stock corporation law are taken into account. And finally, Konsento can be used to prove the unbroken, legally compliant chain of ownership of shares. These are all indispensable prerequisites for future growth with external investors and the subsequent realization of an exit. Our digital solution also offers further support in all processes - right from the start.<\/p><\/p>\n\t<\/div>\n<\/div><h4 class=\"mkdf-accordion-title\">\n\t<span class=\"mkdf-tab-title\">How do you make sure that I, as a startup, don't unnecessarily hang myself along processes that I don't actually need (yet)?<\/span>\n    <span class=\"mkdf-accordion-mark\">\n\t\t<span class=\"mkdf_icon_plus icon_plus\"><\/span>\n\t\t<span class=\"mkdf_icon_minus icon_minus-06\"><\/span>\n\t<\/span>\n<\/h4>\n<div class=\"mkdf-accordion-content\">\n\t<div class=\"mkdf-accordion-content-inner\">\n\t\t<p class=\"mkdf-tab-text\"><p>Our platform is modular. This means that you only run through the processes that you need for the function you want.<\/p><\/p>\n\t<\/div>\n<\/div><h4 class=\"mkdf-accordion-title\">\n\t<span class=\"mkdf-tab-title\">Who are the faces behind Konsento, what motivates them to get involved every day? Why do you do it?<\/span>\n    <span class=\"mkdf-accordion-mark\">\n\t\t<span class=\"mkdf_icon_plus icon_plus\"><\/span>\n\t\t<span class=\"mkdf_icon_minus icon_minus-06\"><\/span>\n\t<\/span>\n<\/h4>\n<div class=\"mkdf-accordion-content\">\n\t<div class=\"mkdf-accordion-content-inner\">\n\t\t<p class=\"mkdf-tab-text\"><p>We are an interdisciplinary team with specializations in regulation, law, banking, fintech and IT. With Konsento, we want to use our know-how to help companies save time and costs. This way, companies and investors can focus on their core tasks thanks to our holistic solution.<\/p><\/p>\n\t<\/div>\n<\/div><h4 class=\"mkdf-accordion-title\">\n\t<span class=\"mkdf-tab-title\">What are SISAT syndicates?<\/span>\n    <span class=\"mkdf-accordion-mark\">\n\t\t<span class=\"mkdf_icon_plus icon_plus\"><\/span>\n\t\t<span class=\"mkdf_icon_minus icon_minus-06\"><\/span>\n\t<\/span>\n<\/h4>\n<div class=\"mkdf-accordion-content\">\n\t<div class=\"mkdf-accordion-content-inner\">\n\t\t<p class=\"mkdf-tab-text\"><p>SISAT is an acronym and stands for \"Swiss Investment Syndicate Agreement Template\". With SISAT, you can bundle your investments based on a simple, open partnership agreement. Konsento is an official technology partner of the SISAT initiative.<\/p><\/p>\n\t<\/div>\n<\/div><h4 class=\"mkdf-accordion-title\">\n\t<span class=\"mkdf-tab-title\">What is your vision and mission?<\/span>\n    <span class=\"mkdf-accordion-mark\">\n\t\t<span class=\"mkdf_icon_plus icon_plus\"><\/span>\n\t\t<span class=\"mkdf_icon_minus icon_minus-06\"><\/span>\n\t<\/span>\n<\/h4>\n<div class=\"mkdf-accordion-content\">\n\t<div class=\"mkdf-accordion-content-inner\">\n\t\t<p class=\"mkdf-tab-text\"><p>Honest. Committed. Innovative.<\/p><p>We help (young) companies grow by providing them with equity-related services: We create added value for (young) companies and investors by simplifying administrative processes and providing transparent company information.<\/p><\/p>\n\t<\/div>\n<\/div><h4 class=\"mkdf-accordion-title\">\n\t<span class=\"mkdf-tab-title\">Are the shares in Konsento on the blockchain or are they tokenized shares?<\/span>\n    <span class=\"mkdf-accordion-mark\">\n\t\t<span class=\"mkdf_icon_plus icon_plus\"><\/span>\n\t\t<span class=\"mkdf_icon_minus icon_minus-06\"><\/span>\n\t<\/span>\n<\/h4>\n<div class=\"mkdf-accordion-content\">\n\t<div class=\"mkdf-accordion-content-inner\">\n\t\t<p class=\"mkdf-tab-text\"><p>Konsento's share register is located on a conventional, central database. Konsento itself does not tokenize shares, but works with Aktionariat AG to tokenize customers' shares at their request and make them transferable on the blockchain.<\/p><\/p>\n\t<\/div>\n<\/div><h4 class=\"mkdf-accordion-title\">\n\t<span class=\"mkdf-tab-title\">What are the customer benefits of Konsento?<\/span>\n    <span class=\"mkdf-accordion-mark\">\n\t\t<span class=\"mkdf_icon_plus icon_plus\"><\/span>\n\t\t<span class=\"mkdf_icon_minus icon_minus-06\"><\/span>\n\t<\/span>\n<\/h4>\n<div class=\"mkdf-accordion-content\">\n\t<div class=\"mkdf-accordion-content-inner\">\n\t\t<p class=\"mkdf-tab-text\"><ul><li><strong>Legal compliance<\/strong>: Compliance with stock corporation law requirements is increased, while legal costs are reduced at the same time<\/li><li><strong>Sustainable corporate governance<\/strong>: Improve corporate governance by using the platform to increase the value of their business<\/li><li><strong>Intuitive housekeeping<\/strong>: Our intuitive set of processes helps business owners keep track of all their corporate housekeeping tasks.<\/li><li><strong>One single source<\/strong>: Thanks to our comprehensive features and integrated marketplace, our customers get everything they need to manage their equity from a single source.<\/li><\/ul><\/p>\n\t<\/div>\n<\/div><h4 class=\"mkdf-accordion-title\">\n\t<span class=\"mkdf-tab-title\">Can I use the BoD meeting module without having the share register at Konsento?<\/span>\n    <span class=\"mkdf-accordion-mark\">\n\t\t<span class=\"mkdf_icon_plus icon_plus\"><\/span>\n\t\t<span class=\"mkdf_icon_minus icon_minus-06\"><\/span>\n\t<\/span>\n<\/h4>\n<div class=\"mkdf-accordion-content\">\n\t<div class=\"mkdf-accordion-content-inner\">\n\t\t<p class=\"mkdf-tab-text\"><p>Yes, our module for BoD meetings is independent of the share register.<\/p><\/p>\n\t<\/div>\n<\/div><h4 class=\"mkdf-accordion-title\">\n\t<span class=\"mkdf-tab-title\">What actually distinguishes Konsento from conventional share register and GM solutions?<\/span>\n    <span class=\"mkdf-accordion-mark\">\n\t\t<span class=\"mkdf_icon_plus icon_plus\"><\/span>\n\t\t<span class=\"mkdf_icon_minus icon_minus-06\"><\/span>\n\t<\/span>\n<\/h4>\n<div class=\"mkdf-accordion-content\">\n\t<div class=\"mkdf-accordion-content-inner\">\n\t\t<p class=\"mkdf-tab-text\"><p>Konsento is more than just a software for electronic share registers and general meetings: Konsento is a cloud-based collaboration platform where corporate secretaries, board members, shareholders, notaries, lawyers, trustees and auditors can work together and perform their respective tasks. In addition, Konsento's software has a lot of legal know-how embedded in it, so that every user can perform his or her tasks even without prior legal knowledge.<\/p><\/p>\n\t<\/div>\n<\/div>\t\t<\/div>\n\t\t\t\t<\/div>\n\t\t\t\t<\/div>\n\t\t\t\t\t<\/div>\n\t\t<\/div>\n\t\t\t\t\t<\/div>\n\t\t<\/section>\n\t\t\t\t<section class=\"elementor-section elementor-top-section elementor-element elementor-element-60411b6 elementor-section-boxed elementor-section-height-default elementor-section-height-default mkdf-parallax-row-no mkdf-row-grid-no mkdf-disabled-bg-image-bellow-no\" data-id=\"60411b6\" data-element_type=\"section\">\n\t\t\t\t\t\t<div class=\"elementor-container elementor-column-gap-default\">\n\t\t\t\t\t<div class=\"elementor-column elementor-col-100 elementor-top-column elementor-element elementor-element-753e876\" data-id=\"753e876\" data-element_type=\"column\">\n\t\t\t<div class=\"elementor-widget-wrap elementor-element-populated\">\n\t\t\t\t\t\t<div class=\"elementor-element elementor-element-71de5ec elementor-widget elementor-widget-spacer\" data-id=\"71de5ec\" data-element_type=\"widget\" data-widget_type=\"spacer.default\">\n\t\t\t\t<div class=\"elementor-widget-container\">\n\t\t\t\t\t<div class=\"elementor-spacer\">\n\t\t\t<div class=\"elementor-spacer-inner\"><\/div>\n\t\t<\/div>\n\t\t\t\t<\/div>\n\t\t\t\t<\/div>\n\t\t\t\t\t<\/div>\n\t\t<\/div>\n\t\t\t\t\t<\/div>\n\t\t<\/section>\n\t\t\t\t<\/div>","protected":false},"excerpt":{"rendered":"<p>Frequently asked questions What is Konsento? Konsento is a corporate governance platform that supports companies by digitizing corporate governance tasks and simplifying investor relations. Konsento's features support company founders and board members with intuitive functions for the online management of [...]<\/p>","protected":false},"author":2,"featured_media":0,"parent":0,"menu_order":0,"comment_status":"closed","ping_status":"closed","template":"full-width.php","meta":{"footnotes":""},"class_list":["post-1446","page","type-page","status-publish","hentry"],"yoast_head":"<!-- This site is optimized with the Yoast SEO Premium plugin v18.3 (Yoast SEO v23.5) - https:\/\/yoast.com\/wordpress\/plugins\/seo\/ -->\n<title>FAQ - Konsento - Einfache Online Verwaltung von Aktienkapital<\/title>\n<meta name=\"robots\" content=\"noindex, follow, max-snippet:-1, max-image-preview:large, max-video-preview:-1\" \/>\n<meta property=\"og:locale\" content=\"en_US\" \/>\n<meta property=\"og:type\" content=\"article\" \/>\n<meta property=\"og:title\" content=\"FAQ\" \/>\n<meta property=\"og:description\" content=\"H\u00e4ufig gestellte Fragen Was ist Konsento? Konsento ist eine Corporate Governance Plattform, die Unternehmen durch Digitalsierung bei aktienrechtlichen Aufgaben unterst\u00fctzt und die dadurch Investor Relations vereinfacht. Die Funktionen von Konsento unterst\u00fctzt Firmengr\u00fcnder und Verwaltungsr\u00e4te mit intuitiven Funktionen zur Onlineverwaltung von [&hellip;]\" \/>\n<meta property=\"og:url\" content=\"https:\/\/oldweb.konsento.ch\/en\/faq\/\" \/>\n<meta property=\"og:site_name\" content=\"Konsento - Einfache Online Verwaltung von Aktienkapital\" \/>\n<meta property=\"article:modified_time\" content=\"2023-03-08T08:35:42+00:00\" \/>\n<meta name=\"twitter:card\" content=\"summary_large_image\" \/>\n<meta name=\"twitter:site\" content=\"@KonsentoD\" \/>\n<meta name=\"twitter:label1\" content=\"Est. reading time\" \/>\n\t<meta name=\"twitter:data1\" content=\"6 minutes\" \/>\n<script type=\"application\/ld+json\" class=\"yoast-schema-graph\">{\"@context\":\"https:\/\/schema.org\",\"@graph\":[{\"@type\":\"WebPage\",\"@id\":\"https:\/\/oldweb.konsento.ch\/faq\/\",\"url\":\"https:\/\/oldweb.konsento.ch\/faq\/\",\"name\":\"FAQ - Konsento - Einfache Online Verwaltung von Aktienkapital\",\"isPartOf\":{\"@id\":\"https:\/\/oldweb.konsento.ch\/#website\"},\"datePublished\":\"2018-06-06T12:09:15+00:00\",\"dateModified\":\"2023-03-08T08:35:42+00:00\",\"breadcrumb\":{\"@id\":\"https:\/\/oldweb.konsento.ch\/faq\/#breadcrumb\"},\"inLanguage\":\"en-US\",\"potentialAction\":[{\"@type\":\"ReadAction\",\"target\":[\"https:\/\/oldweb.konsento.ch\/faq\/\"]}]},{\"@type\":\"BreadcrumbList\",\"@id\":\"https:\/\/oldweb.konsento.ch\/faq\/#breadcrumb\",\"itemListElement\":[{\"@type\":\"ListItem\",\"position\":1,\"name\":\"Home\",\"item\":\"https:\/\/oldweb.konsento.ch\/\"},{\"@type\":\"ListItem\",\"position\":2,\"name\":\"FAQ\"}]},{\"@type\":\"WebSite\",\"@id\":\"https:\/\/oldweb.konsento.ch\/#website\",\"url\":\"https:\/\/oldweb.konsento.ch\/\",\"name\":\"Konsento - Einfache Online Verwaltung von Aktienkapital\",\"description\":\"Einfache Verwaltung von Kapital, Aktion\u00e4ren und Generalversammlungen\",\"publisher\":{\"@id\":\"https:\/\/oldweb.konsento.ch\/#organization\"},\"potentialAction\":[{\"@type\":\"SearchAction\",\"target\":{\"@type\":\"EntryPoint\",\"urlTemplate\":\"https:\/\/oldweb.konsento.ch\/?s={search_term_string}\"},\"query-input\":{\"@type\":\"PropertyValueSpecification\",\"valueRequired\":true,\"valueName\":\"search_term_string\"}}],\"inLanguage\":\"en-US\"},{\"@type\":\"Organization\",\"@id\":\"https:\/\/oldweb.konsento.ch\/#organization\",\"name\":\"Konsento AG\",\"url\":\"https:\/\/oldweb.konsento.ch\/\",\"logo\":{\"@type\":\"ImageObject\",\"inLanguage\":\"en-US\",\"@id\":\"https:\/\/oldweb.konsento.ch\/#\/schema\/logo\/image\/\",\"url\":\"https:\/\/konsento.ch\/wp-content\/uploads\/2021\/03\/konsento_icon.png\",\"contentUrl\":\"https:\/\/konsento.ch\/wp-content\/uploads\/2021\/03\/konsento_icon.png\",\"width\":512,\"height\":512,\"caption\":\"Konsento AG\"},\"image\":{\"@id\":\"https:\/\/oldweb.konsento.ch\/#\/schema\/logo\/image\/\"},\"sameAs\":[\"https:\/\/x.com\/KonsentoD\",\"https:\/\/www.linkedin.com\/company\/konsento-digital\/\"]}]}<\/script>\n<!-- \/ Yoast SEO Premium plugin. -->","yoast_head_json":{"title":"FAQ - Konsento - Einfache Online Verwaltung von Aktienkapital","robots":{"index":"noindex","follow":"follow","max-snippet":"max-snippet:-1","max-image-preview":"max-image-preview:large","max-video-preview":"max-video-preview:-1"},"og_locale":"en_US","og_type":"article","og_title":"FAQ","og_description":"H\u00e4ufig gestellte Fragen Was ist Konsento? Konsento ist eine Corporate Governance Plattform, die Unternehmen durch Digitalsierung bei aktienrechtlichen Aufgaben unterst\u00fctzt und die dadurch Investor Relations vereinfacht. Die Funktionen von Konsento unterst\u00fctzt Firmengr\u00fcnder und Verwaltungsr\u00e4te mit intuitiven Funktionen zur Onlineverwaltung von [&hellip;]","og_url":"https:\/\/oldweb.konsento.ch\/en\/faq\/","og_site_name":"Konsento - Einfache Online Verwaltung von Aktienkapital","article_modified_time":"2023-03-08T08:35:42+00:00","twitter_card":"summary_large_image","twitter_site":"@KonsentoD","twitter_misc":{"Est. reading time":"6 minutes"},"schema":{"@context":"https:\/\/schema.org","@graph":[{"@type":"WebPage","@id":"https:\/\/oldweb.konsento.ch\/faq\/","url":"https:\/\/oldweb.konsento.ch\/faq\/","name":"FAQ - Konsento - Einfache Online Verwaltung von Aktienkapital","isPartOf":{"@id":"https:\/\/oldweb.konsento.ch\/#website"},"datePublished":"2018-06-06T12:09:15+00:00","dateModified":"2023-03-08T08:35:42+00:00","breadcrumb":{"@id":"https:\/\/oldweb.konsento.ch\/faq\/#breadcrumb"},"inLanguage":"en-US","potentialAction":[{"@type":"ReadAction","target":["https:\/\/oldweb.konsento.ch\/faq\/"]}]},{"@type":"BreadcrumbList","@id":"https:\/\/oldweb.konsento.ch\/faq\/#breadcrumb","itemListElement":[{"@type":"ListItem","position":1,"name":"Home","item":"https:\/\/oldweb.konsento.ch\/"},{"@type":"ListItem","position":2,"name":"FAQ"}]},{"@type":"WebSite","@id":"https:\/\/oldweb.konsento.ch\/#website","url":"https:\/\/oldweb.konsento.ch\/","name":"Konsento - Einfache Online Verwaltung von Aktienkapital","description":"Einfache Verwaltung von Kapital, Aktion\u00e4ren und Generalversammlungen","publisher":{"@id":"https:\/\/oldweb.konsento.ch\/#organization"},"potentialAction":[{"@type":"SearchAction","target":{"@type":"EntryPoint","urlTemplate":"https:\/\/oldweb.konsento.ch\/?s={search_term_string}"},"query-input":{"@type":"PropertyValueSpecification","valueRequired":true,"valueName":"search_term_string"}}],"inLanguage":"en-US"},{"@type":"Organization","@id":"https:\/\/oldweb.konsento.ch\/#organization","name":"Konsento AG","url":"https:\/\/oldweb.konsento.ch\/","logo":{"@type":"ImageObject","inLanguage":"en-US","@id":"https:\/\/oldweb.konsento.ch\/#\/schema\/logo\/image\/","url":"https:\/\/konsento.ch\/wp-content\/uploads\/2021\/03\/konsento_icon.png","contentUrl":"https:\/\/konsento.ch\/wp-content\/uploads\/2021\/03\/konsento_icon.png","width":512,"height":512,"caption":"Konsento AG"},"image":{"@id":"https:\/\/oldweb.konsento.ch\/#\/schema\/logo\/image\/"},"sameAs":["https:\/\/x.com\/KonsentoD","https:\/\/www.linkedin.com\/company\/konsento-digital\/"]}]}},"_links":{"self":[{"href":"https:\/\/oldweb.konsento.ch\/en\/wp-json\/wp\/v2\/pages\/1446","targetHints":{"allow":["GET"]}}],"collection":[{"href":"https:\/\/oldweb.konsento.ch\/en\/wp-json\/wp\/v2\/pages"}],"about":[{"href":"https:\/\/oldweb.konsento.ch\/en\/wp-json\/wp\/v2\/types\/page"}],"author":[{"embeddable":true,"href":"https:\/\/oldweb.konsento.ch\/en\/wp-json\/wp\/v2\/users\/2"}],"replies":[{"embeddable":true,"href":"https:\/\/oldweb.konsento.ch\/en\/wp-json\/wp\/v2\/comments?post=1446"}],"version-history":[{"count":37,"href":"https:\/\/oldweb.konsento.ch\/en\/wp-json\/wp\/v2\/pages\/1446\/revisions"}],"predecessor-version":[{"id":16381,"href":"https:\/\/oldweb.konsento.ch\/en\/wp-json\/wp\/v2\/pages\/1446\/revisions\/16381"}],"wp:attachment":[{"href":"https:\/\/oldweb.konsento.ch\/en\/wp-json\/wp\/v2\/media?parent=1446"}],"curies":[{"name":"wp","href":"https:\/\/api.w.org\/{rel}","templated":true}]}}